{"id":33277,"date":"2026-05-02T17:12:42","date_gmt":"2026-05-02T17:12:42","guid":{"rendered":"https:\/\/verko.tn\/?post_type=product&#038;p=33277"},"modified":"2026-05-11T15:49:52","modified_gmt":"2026-05-11T15:49:52","slug":"sandales-ete-femme","status":"publish","type":"product","link":"https:\/\/verko.tn\/?product=sandales-ete-femme","title":{"rendered":"Mules Pour Femmes Souple et Hyper confortable \u2013 R\u00e9f 936 Marron &#8211;"},"content":{"rendered":"","protected":false},"excerpt":{"rendered":"","protected":false},"featured_media":33490,"comment_status":"open","ping_status":"closed","template":"","meta":[],"product_brand":[],"product_cat":[99],"product_tag":[],"class_list":{"0":"post-33277","1":"product","2":"type-product","3":"status-publish","4":"has-post-thumbnail","6":"product_cat-new-collection-2026","8":"first","9":"instock","10":"sale","11":"shipping-taxable","12":"purchasable","13":"product-type-variable"},"yoast_head":"<!-- This site is optimized with the Yoast SEO plugin v27.4 - https:\/\/yoast.com\/product\/yoast-seo-wordpress\/ -->\n<title>Mules Pour Femmes Souple et Hyper confortable \u2013 R\u00e9f 936 Marron -<\/title>\n<meta name=\"description\" content=\"Sandales marron \u00e9l\u00e9gantes pour femme, au design moderne et confortable, orn\u00e9es de d\u00e9tails m\u00e9talliques raffin\u00e9s, parfaites pour le quotidien et l&#039;\u00e9t\u00e9. Qualit\u00e9 sup\u00e9rieure et confort optimal tout au long de la journ\u00e9e.\" \/>\n<meta name=\"robots\" content=\"index, follow, max-snippet:-1, max-image-preview:large, max-video-preview:-1\" \/>\n<link rel=\"canonical\" href=\"https:\/\/verko.tn\/?product=sandales-ete-femme\" \/>\n<meta property=\"og:locale\" content=\"fr_FR\" \/>\n<meta property=\"og:type\" content=\"article\" \/>\n<meta property=\"og:title\" content=\"Mules Pour Femmes Souple et Hyper confortable \u2013 R\u00e9f 936 Marron -\" \/>\n<meta property=\"og:description\" content=\"Sandales marron \u00e9l\u00e9gantes pour femme, au design moderne et confortable, orn\u00e9es de d\u00e9tails m\u00e9talliques raffin\u00e9s, parfaites pour le quotidien et l&#039;\u00e9t\u00e9. Qualit\u00e9 sup\u00e9rieure et confort optimal tout au long de la journ\u00e9e.\" \/>\n<meta property=\"og:url\" content=\"https:\/\/verko.tn\/?product=sandales-ete-femme\" \/>\n<meta property=\"article:modified_time\" content=\"2026-05-11T15:49:52+00:00\" \/>\n<meta property=\"og:image\" content=\"https:\/\/verko.tn\/wp-content\/uploads\/2026\/05\/cccc.jpg\" \/>\n\t<meta property=\"og:image:width\" content=\"1000\" \/>\n\t<meta property=\"og:image:height\" content=\"1000\" \/>\n\t<meta property=\"og:image:type\" content=\"image\/jpeg\" \/>\n<meta name=\"twitter:card\" content=\"summary_large_image\" \/>\n<meta name=\"twitter:label1\" content=\"Dur\u00e9e de lecture estim\u00e9e\" \/>\n\t<meta name=\"twitter:data1\" content=\"1 minute\" \/>\n<script type=\"application\/ld+json\" class=\"yoast-schema-graph\">{\"@context\":\"https:\\\/\\\/schema.org\",\"@graph\":[{\"@type\":\"WebPage\",\"@id\":\"https:\\\/\\\/verko.tn\\\/?product=sandales-ete-femme\",\"url\":\"https:\\\/\\\/verko.tn\\\/?product=sandales-ete-femme\",\"name\":\"Mules Pour Femmes Souple et Hyper confortable \u2013 R\u00e9f 936 Marron -\",\"isPartOf\":{\"@id\":\"https:\\\/\\\/verko.tn\\\/#website\"},\"primaryImageOfPage\":{\"@id\":\"https:\\\/\\\/verko.tn\\\/?product=sandales-ete-femme#primaryimage\"},\"image\":{\"@id\":\"https:\\\/\\\/verko.tn\\\/?product=sandales-ete-femme#primaryimage\"},\"thumbnailUrl\":\"https:\\\/\\\/verko.tn\\\/wp-content\\\/uploads\\\/2026\\\/05\\\/cccc.jpg\",\"datePublished\":\"2026-05-02T17:12:42+00:00\",\"dateModified\":\"2026-05-11T15:49:52+00:00\",\"description\":\"Sandales marron \u00e9l\u00e9gantes pour femme, au design moderne et confortable, orn\u00e9es de d\u00e9tails m\u00e9talliques raffin\u00e9s, parfaites pour le quotidien et l'\u00e9t\u00e9. Qualit\u00e9 sup\u00e9rieure et confort optimal tout au long de la journ\u00e9e.\",\"breadcrumb\":{\"@id\":\"https:\\\/\\\/verko.tn\\\/?product=sandales-ete-femme#breadcrumb\"},\"inLanguage\":\"fr-FR\",\"potentialAction\":[{\"@type\":\"ReadAction\",\"target\":[\"https:\\\/\\\/verko.tn\\\/?product=sandales-ete-femme\"]}]},{\"@type\":\"ImageObject\",\"inLanguage\":\"fr-FR\",\"@id\":\"https:\\\/\\\/verko.tn\\\/?product=sandales-ete-femme#primaryimage\",\"url\":\"https:\\\/\\\/verko.tn\\\/wp-content\\\/uploads\\\/2026\\\/05\\\/cccc.jpg\",\"contentUrl\":\"https:\\\/\\\/verko.tn\\\/wp-content\\\/uploads\\\/2026\\\/05\\\/cccc.jpg\",\"width\":1000,\"height\":1000},{\"@type\":\"BreadcrumbList\",\"@id\":\"https:\\\/\\\/verko.tn\\\/?product=sandales-ete-femme#breadcrumb\",\"itemListElement\":[{\"@type\":\"ListItem\",\"position\":1,\"name\":\"Accueil\",\"item\":\"https:\\\/\\\/verko.tn\\\/\"},{\"@type\":\"ListItem\",\"position\":2,\"name\":\"Boutique\",\"item\":\"https:\\\/\\\/verko.tn\\\/\"},{\"@type\":\"ListItem\",\"position\":3,\"name\":\"Mules Pour Femmes Souple et Hyper confortable \u2013 R\u00e9f 936 Marron &#8211;\"}]},{\"@type\":\"WebSite\",\"@id\":\"https:\\\/\\\/verko.tn\\\/#website\",\"url\":\"https:\\\/\\\/verko.tn\\\/\",\"name\":\"\",\"description\":\"\",\"potentialAction\":[{\"@type\":\"SearchAction\",\"target\":{\"@type\":\"EntryPoint\",\"urlTemplate\":\"https:\\\/\\\/verko.tn\\\/?s={search_term_string}\"},\"query-input\":{\"@type\":\"PropertyValueSpecification\",\"valueRequired\":true,\"valueName\":\"search_term_string\"}}],\"inLanguage\":\"fr-FR\"}]}<\/script>\n<!-- \/ Yoast SEO plugin. -->","yoast_head_json":{"title":"Mules Pour Femmes Souple et Hyper confortable \u2013 R\u00e9f 936 Marron -","description":"Sandales marron \u00e9l\u00e9gantes pour femme, au design moderne et confortable, orn\u00e9es de d\u00e9tails m\u00e9talliques raffin\u00e9s, parfaites pour le quotidien et l'\u00e9t\u00e9. Qualit\u00e9 sup\u00e9rieure et confort optimal tout au long de la journ\u00e9e.","robots":{"index":"index","follow":"follow","max-snippet":"max-snippet:-1","max-image-preview":"max-image-preview:large","max-video-preview":"max-video-preview:-1"},"canonical":"https:\/\/verko.tn\/?product=sandales-ete-femme","og_locale":"fr_FR","og_type":"article","og_title":"Mules Pour Femmes Souple et Hyper confortable \u2013 R\u00e9f 936 Marron -","og_description":"Sandales marron \u00e9l\u00e9gantes pour femme, au design moderne et confortable, orn\u00e9es de d\u00e9tails m\u00e9talliques raffin\u00e9s, parfaites pour le quotidien et l'\u00e9t\u00e9. Qualit\u00e9 sup\u00e9rieure et confort optimal tout au long de la journ\u00e9e.","og_url":"https:\/\/verko.tn\/?product=sandales-ete-femme","article_modified_time":"2026-05-11T15:49:52+00:00","og_image":[{"width":1000,"height":1000,"url":"https:\/\/verko.tn\/wp-content\/uploads\/2026\/05\/cccc.jpg","type":"image\/jpeg"}],"twitter_card":"summary_large_image","twitter_misc":{"Dur\u00e9e de lecture estim\u00e9e":"1 minute"},"schema":{"@context":"https:\/\/schema.org","@graph":[{"@type":"WebPage","@id":"https:\/\/verko.tn\/?product=sandales-ete-femme","url":"https:\/\/verko.tn\/?product=sandales-ete-femme","name":"Mules Pour Femmes Souple et Hyper confortable \u2013 R\u00e9f 936 Marron -","isPartOf":{"@id":"https:\/\/verko.tn\/#website"},"primaryImageOfPage":{"@id":"https:\/\/verko.tn\/?product=sandales-ete-femme#primaryimage"},"image":{"@id":"https:\/\/verko.tn\/?product=sandales-ete-femme#primaryimage"},"thumbnailUrl":"https:\/\/verko.tn\/wp-content\/uploads\/2026\/05\/cccc.jpg","datePublished":"2026-05-02T17:12:42+00:00","dateModified":"2026-05-11T15:49:52+00:00","description":"Sandales marron \u00e9l\u00e9gantes pour femme, au design moderne et confortable, orn\u00e9es de d\u00e9tails m\u00e9talliques raffin\u00e9s, parfaites pour le quotidien et l'\u00e9t\u00e9. Qualit\u00e9 sup\u00e9rieure et confort optimal tout au long de la journ\u00e9e.","breadcrumb":{"@id":"https:\/\/verko.tn\/?product=sandales-ete-femme#breadcrumb"},"inLanguage":"fr-FR","potentialAction":[{"@type":"ReadAction","target":["https:\/\/verko.tn\/?product=sandales-ete-femme"]}]},{"@type":"ImageObject","inLanguage":"fr-FR","@id":"https:\/\/verko.tn\/?product=sandales-ete-femme#primaryimage","url":"https:\/\/verko.tn\/wp-content\/uploads\/2026\/05\/cccc.jpg","contentUrl":"https:\/\/verko.tn\/wp-content\/uploads\/2026\/05\/cccc.jpg","width":1000,"height":1000},{"@type":"BreadcrumbList","@id":"https:\/\/verko.tn\/?product=sandales-ete-femme#breadcrumb","itemListElement":[{"@type":"ListItem","position":1,"name":"Accueil","item":"https:\/\/verko.tn\/"},{"@type":"ListItem","position":2,"name":"Boutique","item":"https:\/\/verko.tn\/"},{"@type":"ListItem","position":3,"name":"Mules Pour Femmes Souple et Hyper confortable \u2013 R\u00e9f 936 Marron &#8211;"}]},{"@type":"WebSite","@id":"https:\/\/verko.tn\/#website","url":"https:\/\/verko.tn\/","name":"","description":"","potentialAction":[{"@type":"SearchAction","target":{"@type":"EntryPoint","urlTemplate":"https:\/\/verko.tn\/?s={search_term_string}"},"query-input":{"@type":"PropertyValueSpecification","valueRequired":true,"valueName":"search_term_string"}}],"inLanguage":"fr-FR"}]}},"_links":{"self":[{"href":"https:\/\/verko.tn\/index.php?rest_route=\/wp\/v2\/product\/33277","targetHints":{"allow":["GET"]}}],"collection":[{"href":"https:\/\/verko.tn\/index.php?rest_route=\/wp\/v2\/product"}],"about":[{"href":"https:\/\/verko.tn\/index.php?rest_route=\/wp\/v2\/types\/product"}],"replies":[{"embeddable":true,"href":"https:\/\/verko.tn\/index.php?rest_route=%2Fwp%2Fv2%2Fcomments&post=33277"}],"wp:featuredmedia":[{"embeddable":true,"href":"https:\/\/verko.tn\/index.php?rest_route=\/wp\/v2\/media\/33490"}],"wp:attachment":[{"href":"https:\/\/verko.tn\/index.php?rest_route=%2Fwp%2Fv2%2Fmedia&parent=33277"}],"wp:term":[{"taxonomy":"product_brand","embeddable":true,"href":"https:\/\/verko.tn\/index.php?rest_route=%2Fwp%2Fv2%2Fproduct_brand&post=33277"},{"taxonomy":"product_cat","embeddable":true,"href":"https:\/\/verko.tn\/index.php?rest_route=%2Fwp%2Fv2%2Fproduct_cat&post=33277"},{"taxonomy":"product_tag","embeddable":true,"href":"https:\/\/verko.tn\/index.php?rest_route=%2Fwp%2Fv2%2Fproduct_tag&post=33277"}],"curies":[{"name":"wp","href":"https:\/\/api.w.org\/{rel}","templated":true}]}}