{"id":33247,"date":"2026-05-02T16:23:07","date_gmt":"2026-05-02T16:23:07","guid":{"rendered":"https:\/\/verko.tn\/?post_type=product&#038;p=33247"},"modified":"2026-05-03T15:20:16","modified_gmt":"2026-05-03T15:20:16","slug":"mocassin-homme","status":"publish","type":"product","link":"https:\/\/verko.tn\/?product=mocassin-homme","title":{"rendered":"Mocassins Pour Hommes &#8211; R\u00e9f B7 Vert &#8211;"},"content":{"rendered":"","protected":false},"excerpt":{"rendered":"","protected":false},"featured_media":33238,"comment_status":"open","ping_status":"closed","template":"","meta":[],"product_brand":[],"product_cat":[15],"product_tag":[],"class_list":{"0":"post-33247","1":"product","2":"type-product","3":"status-publish","4":"has-post-thumbnail","6":"product_cat-chaussures","8":"first","9":"instock","10":"shipping-taxable","11":"purchasable","12":"product-type-variable"},"yoast_head":"<!-- This site is optimized with the Yoast SEO plugin v27.4 - https:\/\/yoast.com\/product\/yoast-seo-wordpress\/ -->\n<title>Mocassins Pour Hommes - R\u00e9f B7 Vert -<\/title>\n<meta name=\"description\" content=\"Chaussures slip-on pour homme en toile vert olive, l\u00e9g\u00e8res et confortables, avec semelle souple et design d\u00e9contract\u00e9. Id\u00e9ales pour un style casual au quotidien.\" \/>\n<meta name=\"robots\" content=\"index, follow, max-snippet:-1, max-image-preview:large, max-video-preview:-1\" \/>\n<link rel=\"canonical\" href=\"https:\/\/verko.tn\/?product=mocassin-homme\" \/>\n<meta property=\"og:locale\" content=\"fr_FR\" \/>\n<meta property=\"og:type\" content=\"article\" \/>\n<meta property=\"og:title\" content=\"Mocassins Pour Hommes - R\u00e9f B7 Vert -\" \/>\n<meta property=\"og:description\" content=\"Chaussures slip-on pour homme en toile vert olive, l\u00e9g\u00e8res et confortables, avec semelle souple et design d\u00e9contract\u00e9. Id\u00e9ales pour un style casual au quotidien.\" \/>\n<meta property=\"og:url\" content=\"https:\/\/verko.tn\/?product=mocassin-homme\" \/>\n<meta property=\"article:modified_time\" content=\"2026-05-03T15:20:16+00:00\" \/>\n<meta property=\"og:image\" content=\"https:\/\/verko.tn\/wp-content\/uploads\/2026\/05\/b7-vert.jpg\" \/>\n\t<meta property=\"og:image:width\" content=\"1000\" \/>\n\t<meta property=\"og:image:height\" content=\"1000\" \/>\n\t<meta property=\"og:image:type\" content=\"image\/jpeg\" \/>\n<meta name=\"twitter:card\" content=\"summary_large_image\" \/>\n<meta name=\"twitter:label1\" content=\"Dur\u00e9e de lecture estim\u00e9e\" \/>\n\t<meta name=\"twitter:data1\" content=\"1 minute\" \/>\n<script type=\"application\/ld+json\" class=\"yoast-schema-graph\">{\"@context\":\"https:\\\/\\\/schema.org\",\"@graph\":[{\"@type\":\"WebPage\",\"@id\":\"https:\\\/\\\/verko.tn\\\/?product=mocassin-homme\",\"url\":\"https:\\\/\\\/verko.tn\\\/?product=mocassin-homme\",\"name\":\"Mocassins Pour Hommes - R\u00e9f B7 Vert -\",\"isPartOf\":{\"@id\":\"https:\\\/\\\/verko.tn\\\/#website\"},\"primaryImageOfPage\":{\"@id\":\"https:\\\/\\\/verko.tn\\\/?product=mocassin-homme#primaryimage\"},\"image\":{\"@id\":\"https:\\\/\\\/verko.tn\\\/?product=mocassin-homme#primaryimage\"},\"thumbnailUrl\":\"https:\\\/\\\/verko.tn\\\/wp-content\\\/uploads\\\/2026\\\/05\\\/b7-vert.jpg\",\"datePublished\":\"2026-05-02T16:23:07+00:00\",\"dateModified\":\"2026-05-03T15:20:16+00:00\",\"description\":\"Chaussures slip-on pour homme en toile vert olive, l\u00e9g\u00e8res et confortables, avec semelle souple et design d\u00e9contract\u00e9. Id\u00e9ales pour un style casual au quotidien.\",\"breadcrumb\":{\"@id\":\"https:\\\/\\\/verko.tn\\\/?product=mocassin-homme#breadcrumb\"},\"inLanguage\":\"fr-FR\",\"potentialAction\":[{\"@type\":\"ReadAction\",\"target\":[\"https:\\\/\\\/verko.tn\\\/?product=mocassin-homme\"]}]},{\"@type\":\"ImageObject\",\"inLanguage\":\"fr-FR\",\"@id\":\"https:\\\/\\\/verko.tn\\\/?product=mocassin-homme#primaryimage\",\"url\":\"https:\\\/\\\/verko.tn\\\/wp-content\\\/uploads\\\/2026\\\/05\\\/b7-vert.jpg\",\"contentUrl\":\"https:\\\/\\\/verko.tn\\\/wp-content\\\/uploads\\\/2026\\\/05\\\/b7-vert.jpg\",\"width\":1000,\"height\":1000},{\"@type\":\"BreadcrumbList\",\"@id\":\"https:\\\/\\\/verko.tn\\\/?product=mocassin-homme#breadcrumb\",\"itemListElement\":[{\"@type\":\"ListItem\",\"position\":1,\"name\":\"Accueil\",\"item\":\"https:\\\/\\\/verko.tn\\\/\"},{\"@type\":\"ListItem\",\"position\":2,\"name\":\"Boutique\",\"item\":\"https:\\\/\\\/verko.tn\\\/\"},{\"@type\":\"ListItem\",\"position\":3,\"name\":\"Mocassins Pour Hommes &#8211; R\u00e9f B7 Vert &#8211;\"}]},{\"@type\":\"WebSite\",\"@id\":\"https:\\\/\\\/verko.tn\\\/#website\",\"url\":\"https:\\\/\\\/verko.tn\\\/\",\"name\":\"\",\"description\":\"\",\"potentialAction\":[{\"@type\":\"SearchAction\",\"target\":{\"@type\":\"EntryPoint\",\"urlTemplate\":\"https:\\\/\\\/verko.tn\\\/?s={search_term_string}\"},\"query-input\":{\"@type\":\"PropertyValueSpecification\",\"valueRequired\":true,\"valueName\":\"search_term_string\"}}],\"inLanguage\":\"fr-FR\"}]}<\/script>\n<!-- \/ Yoast SEO plugin. -->","yoast_head_json":{"title":"Mocassins Pour Hommes - R\u00e9f B7 Vert -","description":"Chaussures slip-on pour homme en toile vert olive, l\u00e9g\u00e8res et confortables, avec semelle souple et design d\u00e9contract\u00e9. Id\u00e9ales pour un style casual au quotidien.","robots":{"index":"index","follow":"follow","max-snippet":"max-snippet:-1","max-image-preview":"max-image-preview:large","max-video-preview":"max-video-preview:-1"},"canonical":"https:\/\/verko.tn\/?product=mocassin-homme","og_locale":"fr_FR","og_type":"article","og_title":"Mocassins Pour Hommes - R\u00e9f B7 Vert -","og_description":"Chaussures slip-on pour homme en toile vert olive, l\u00e9g\u00e8res et confortables, avec semelle souple et design d\u00e9contract\u00e9. Id\u00e9ales pour un style casual au quotidien.","og_url":"https:\/\/verko.tn\/?product=mocassin-homme","article_modified_time":"2026-05-03T15:20:16+00:00","og_image":[{"width":1000,"height":1000,"url":"https:\/\/verko.tn\/wp-content\/uploads\/2026\/05\/b7-vert.jpg","type":"image\/jpeg"}],"twitter_card":"summary_large_image","twitter_misc":{"Dur\u00e9e de lecture estim\u00e9e":"1 minute"},"schema":{"@context":"https:\/\/schema.org","@graph":[{"@type":"WebPage","@id":"https:\/\/verko.tn\/?product=mocassin-homme","url":"https:\/\/verko.tn\/?product=mocassin-homme","name":"Mocassins Pour Hommes - R\u00e9f B7 Vert -","isPartOf":{"@id":"https:\/\/verko.tn\/#website"},"primaryImageOfPage":{"@id":"https:\/\/verko.tn\/?product=mocassin-homme#primaryimage"},"image":{"@id":"https:\/\/verko.tn\/?product=mocassin-homme#primaryimage"},"thumbnailUrl":"https:\/\/verko.tn\/wp-content\/uploads\/2026\/05\/b7-vert.jpg","datePublished":"2026-05-02T16:23:07+00:00","dateModified":"2026-05-03T15:20:16+00:00","description":"Chaussures slip-on pour homme en toile vert olive, l\u00e9g\u00e8res et confortables, avec semelle souple et design d\u00e9contract\u00e9. Id\u00e9ales pour un style casual au quotidien.","breadcrumb":{"@id":"https:\/\/verko.tn\/?product=mocassin-homme#breadcrumb"},"inLanguage":"fr-FR","potentialAction":[{"@type":"ReadAction","target":["https:\/\/verko.tn\/?product=mocassin-homme"]}]},{"@type":"ImageObject","inLanguage":"fr-FR","@id":"https:\/\/verko.tn\/?product=mocassin-homme#primaryimage","url":"https:\/\/verko.tn\/wp-content\/uploads\/2026\/05\/b7-vert.jpg","contentUrl":"https:\/\/verko.tn\/wp-content\/uploads\/2026\/05\/b7-vert.jpg","width":1000,"height":1000},{"@type":"BreadcrumbList","@id":"https:\/\/verko.tn\/?product=mocassin-homme#breadcrumb","itemListElement":[{"@type":"ListItem","position":1,"name":"Accueil","item":"https:\/\/verko.tn\/"},{"@type":"ListItem","position":2,"name":"Boutique","item":"https:\/\/verko.tn\/"},{"@type":"ListItem","position":3,"name":"Mocassins Pour Hommes &#8211; R\u00e9f B7 Vert &#8211;"}]},{"@type":"WebSite","@id":"https:\/\/verko.tn\/#website","url":"https:\/\/verko.tn\/","name":"","description":"","potentialAction":[{"@type":"SearchAction","target":{"@type":"EntryPoint","urlTemplate":"https:\/\/verko.tn\/?s={search_term_string}"},"query-input":{"@type":"PropertyValueSpecification","valueRequired":true,"valueName":"search_term_string"}}],"inLanguage":"fr-FR"}]}},"_links":{"self":[{"href":"https:\/\/verko.tn\/index.php?rest_route=\/wp\/v2\/product\/33247","targetHints":{"allow":["GET"]}}],"collection":[{"href":"https:\/\/verko.tn\/index.php?rest_route=\/wp\/v2\/product"}],"about":[{"href":"https:\/\/verko.tn\/index.php?rest_route=\/wp\/v2\/types\/product"}],"replies":[{"embeddable":true,"href":"https:\/\/verko.tn\/index.php?rest_route=%2Fwp%2Fv2%2Fcomments&post=33247"}],"wp:featuredmedia":[{"embeddable":true,"href":"https:\/\/verko.tn\/index.php?rest_route=\/wp\/v2\/media\/33238"}],"wp:attachment":[{"href":"https:\/\/verko.tn\/index.php?rest_route=%2Fwp%2Fv2%2Fmedia&parent=33247"}],"wp:term":[{"taxonomy":"product_brand","embeddable":true,"href":"https:\/\/verko.tn\/index.php?rest_route=%2Fwp%2Fv2%2Fproduct_brand&post=33247"},{"taxonomy":"product_cat","embeddable":true,"href":"https:\/\/verko.tn\/index.php?rest_route=%2Fwp%2Fv2%2Fproduct_cat&post=33247"},{"taxonomy":"product_tag","embeddable":true,"href":"https:\/\/verko.tn\/index.php?rest_route=%2Fwp%2Fv2%2Fproduct_tag&post=33247"}],"curies":[{"name":"wp","href":"https:\/\/api.w.org\/{rel}","templated":true}]}}